{"id":144,"date":"2019-10-02T19:44:45","date_gmt":"2019-10-02T17:44:45","guid":{"rendered":"http:\/\/limedio.pl\/?page_id=144"},"modified":"2020-10-08T14:15:52","modified_gmt":"2020-10-08T12:15:52","slug":"home","status":"publish","type":"page","link":"https:\/\/limedio.pl\/","title":{"rendered":"Home"},"content":{"rendered":"<!--[fluid]--><!--{content}-->    <!--[section]-->\n\t\t<style>\n.bd-section-1212394024{padding-top:2.5px;padding-bottom:32.5px;background-color:#f5f5f5;margin-bottom:-49px;}\n@media (max-width: 991px) {.bd-section-1212394024{margin-top:40px;}}\n.bd-section-1212394024{\n\tline-height:  25.5px;\n\tfont-size:  15px;\n\tcolor:  #777777;\n\ttext-align:  center;\n\tfont-weight:  400;\n}\n.bd-section-1212394024 h3{\n\tline-height:  34.2857143px;\n\tfont-size:  24px;\n\tcolor:  #333333;\n}\n.bd-section-1212394024 h1{\n\tline-height:  57.6px;\n\tcolor:  #333333;\n\tfont-size:  48px;\n\tfont-weight:  200;\n}\n<\/style>\t\t<section id=section4 class=\" bd-section-1212394024 bd-page-width  bd-tagstyles\" data-section-title=\"Two Columns With Header\">\n\t\t\t<div class=\"bd-container-inner bd-margins clearfix\">\n\t\t\t\t<!--{content}-->\n\t\t\t\t\t<!--[fluid_1]--><!--{content}-->    <!--[columns]-->\n        <style>\n.bd-layoutcontainer-1886982085{width:75%;margin-left:auto;margin-right:auto;}\n@media (max-width: 1199px) {.bd-layoutcontainer-1886982085{width:85%;}}\n@media (max-width: 991px) {.bd-layoutcontainer-1886982085{width:90%;}}<\/style><style>\n.bd-layoutcontainer-1886982085 > .bd-container-inner > .container-fluid > .row{height:calc(100%);margin:0px;}\n.bd-layoutcontainer-1886982085 > .bd-container-inner > .container-fluid > .row > div{padding:0px;}\n.bd-layoutcontainer-1886982085  > .bd-container-inner > .container-fluid:after{display:none;}<\/style><style>\n.bd-layoutcontainer-1886982085 > .bd-container-inner > .container-fluid, .bd-layoutcontainer-1886982085 > .bd-container-inner > .container-fluid > .row{height:100%;}<\/style><style>.bd-layoutcontainer-1886982085 > .bd-container-inner > .container-fluid {padding-left: 0; padding-right: 0;}<\/style>        <style>\n.bd-layoutcolumn-1024562020{\n\ttext-align:  right;\n}\n\n@media (max-width: 767px) {.bd-layoutcolumn-1024562020{\n\ttext-align:  left;\n}\n}\n\n.bd-layoutcolumn-1609390889{\n\ttext-align:  left;\n}\n\n\n@media (max-width: 991px) {.bd-columnwrapper-1609390889{order:2;}}<\/style>        <div class=\" bd-layoutcontainer-1886982085 bd-page-width  bd-no-margins bd-columns bd-no-margins\">\n            <div class=\"bd-container-inner\">\n                <div class=\"container-fluid\">\n                    <div class=\"row bd-row-flex bd-row-align-top\">\n                        <!--{content}-->\n                                <!--[column]-->\n        <div class=\"col-sm-12 col-xs-12 bd-columnwrapper-428141596\">\n            <div class=\"bd-column  bd-layoutcolumn-428141596 \">\n                <div class=\"bd-vertical-align-wrapper\">\n                    <!--{content}-->\n                            <!--[text]-->\n                <h1 class=\" additional-class-614086678  bd-content-element\">\n            <!--{content}-->\n                Czym si\u0119 zajmujemy?            <!--{\/content}-->\n        <\/h1>\n    <!--[\/text]-->\n\n\t\n\t\t\n    <!--[separator]-->\n    <style>\n.bd-separator-2043262059{height:50px;margin-bottom:-23px;}<\/style>        <style>\n.bd-separator-2043262059 .bd-separator-inner:before, .bd-separator-2043262059 .bd-separator-inner:after{border-top:3px solid #448cca;}<\/style>    <style>\n.bd-separator-2043262059 .bd-separator-inner{width:50px;}<\/style>\n    <div class=\" bd-separator-2043262059  bd-separator-center bd-separator-content-center clearfix\">\n        <div class=\"bd-container-inner\">\n            <div class=\"bd-separator-inner\">\n                                <!--{content}--><!--{\/content}-->\n            <\/div>\n        <\/div>\n    <\/div>\n    <!--[\/separator]-->\n\n                        <!--{\/content}-->\n                <\/div>\n            <\/div>\n        <\/div>\n    <!--[\/column]-->\n\n\t\n\t\t    <!--[column]-->\n        <div class=\"col-sm-6 col-xs-12 bd-columnwrapper-1024562020\">\n            <div class=\"bd-column  bd-layoutcolumn-1024562020 \">\n                <div class=\"bd-vertical-align-wrapper\">\n                    <!--{content}-->\n                        <!--[layoutbox]--><div class=\"clearfix  additional-class-1691962972  bd-no-margins\"><div class=\"bd-container-inner\"><!--{content}--><!--[icon]--><style>\n.additional-class-1252923080{float:right;margin-left:1em;margin-right:1em;}\n@media (max-width: 1199px) {.additional-class-1252923080{margin-right:0em;}}\n@media (max-width: 991px) {.additional-class-1252923080{margin-right:1em;}}\n@media (max-width: 767px) {.additional-class-1252923080{float:left;margin-left:0em;}}<\/style><style>.additional-class-1252923080 {\n                    text-decoration: inherit;\n\t                display: inline-block;\n\t                speak: none;\n\t            }\n\n                .additional-class-1252923080:before {\n                    font-family: 'Billion Web Font';\n\t                font-style: normal;\n\t                font-weight: normal;\n\t                text-decoration: inherit;\n\t                text-align: center;\n\t                text-transform: none;\n\t                width: 1em;\n                }.additional-class-1252923080:before { content: '\\235'; }.additional-class-1252923080:before {width: auto; visibility: inherit;}.additional-class-1252923080:before{display: inline-block;}<\/style><style>\n.additional-class-1252923080:before{color:#ffffff;font-size:25px;background-color:#7bae23;-webkit-transition:all 300ms ease;transition:all 300ms ease;line-height:35.71428573px;padding:25px;border-radius:50%;line-height:35.71428573px;}<\/style><style>.additional-class-1252923080:before{line-height: 25px;}<\/style><style>.additional-class-1252923080:before {\n        vertical-align: middle;\n        text-decoration: none;\n    }<\/style><style>.additional-class-1252923080:hover {\n                    text-decoration: inherit;\n\t                display: inline-block;\n\t                speak: none;\n\t            }\n\n                .additional-class-1252923080:hover:before {\n                    font-family: 'Billion Web Font';\n\t                font-style: normal;\n\t                font-weight: normal;\n\t                text-decoration: inherit;\n\t                text-align: center;\n\t                text-transform: none;\n\t                width: 1em;\n                }.additional-class-1252923080:hover:before {width: auto; visibility: inherit;}.additional-class-1252923080:hover:before{display: inline-block;}<\/style><style>\n.additional-class-1252923080:hover:before{background-color:#cde326;}<\/style><style>.additional-class-1252923080:hover:before {\n        vertical-align: middle;\n        text-decoration: none;\n    }<\/style><span class=\"bd-icon  additional-class-1252923080  bd-no-margins bd-own-margins\"><!--{content}--><!--{\/content}--><\/span><!--[\/icon]-->\n\t\n\t\t    <!--[text]-->\n        <style>\n.additional-class-1518437785{overflow:hidden;margin-bottom:0px;}<\/style>        <h3 class=\" additional-class-1518437785  bd-content-element\">\n            <!--{content}-->\n                Reklama zewn\u0119trzna            <!--{\/content}-->\n        <\/h3>\n    <!--[\/text]-->\n\n\t\n\t\t    <!--[text]-->\n        <style>\n.additional-class-23411393{overflow:hidden;}<\/style>        <p class=\" additional-class-23411393  bd-content-element\">\n            <!--{content}-->\n                Wykonujemy tablice reklamowe, szyldy, banery.<br>Produkujemy billboardy i konstrukcje&nbsp;            <!--{\/content}-->\n        <\/p>\n    <!--[\/text]-->\n<!--{\/content}--><\/div><\/div><!--[\/layoutbox]-->\n\t\n\t\t<!--[layoutbox]--><style>\n.additional-class-1045079781{margin-top:1em;}<\/style><div class=\"clearfix  additional-class-1045079781  bd-no-margins\"><div class=\"bd-container-inner\"><!--{content}--><!--[icon]--><style>\n.additional-class-1236476358{float:right;margin-left:1em;margin-right:1em;}\n@media (max-width: 1199px) {.additional-class-1236476358{margin-right:0em;}}\n@media (max-width: 991px) {.additional-class-1236476358{margin-right:1em;}}\n@media (max-width: 767px) {.additional-class-1236476358{float:left;margin-left:0em;}}<\/style><style>.additional-class-1236476358 {\n                    text-decoration: inherit;\n\t                display: inline-block;\n\t                speak: none;\n\t            }\n\n                .additional-class-1236476358:before {\n                    font-family: 'Billion Web Font';\n\t                font-style: normal;\n\t                font-weight: normal;\n\t                text-decoration: inherit;\n\t                text-align: center;\n\t                text-transform: none;\n\t                width: 1em;\n                }.additional-class-1236476358:before { content: '\\1cc'; }.additional-class-1236476358:before {width: auto; visibility: inherit;}.additional-class-1236476358:before{display: inline-block;}<\/style><style>\n.additional-class-1236476358:before{color:#ffffff;font-size:25px;background-color:#7bae23;-webkit-transition:all 300ms ease;transition:all 300ms ease;line-height:35.71428573px;padding:25px;border-radius:50%;line-height:35.71428573px;}<\/style><style>.additional-class-1236476358:before{line-height: 25px;}<\/style><style>.additional-class-1236476358:before {\n        vertical-align: middle;\n        text-decoration: none;\n    }<\/style><style>.additional-class-1236476358:hover {\n                    text-decoration: inherit;\n\t                display: inline-block;\n\t                speak: none;\n\t            }\n\n                .additional-class-1236476358:hover:before {\n                    font-family: 'Billion Web Font';\n\t                font-style: normal;\n\t                font-weight: normal;\n\t                text-decoration: inherit;\n\t                text-align: center;\n\t                text-transform: none;\n\t                width: 1em;\n                }.additional-class-1236476358:hover:before {width: auto; visibility: inherit;}.additional-class-1236476358:hover:before{display: inline-block;}<\/style><style>\n.additional-class-1236476358:hover:before{background-color:#cde326;}<\/style><style>.additional-class-1236476358:hover:before {\n        vertical-align: middle;\n        text-decoration: none;\n    }<\/style><span class=\"bd-icon  additional-class-1236476358  bd-no-margins bd-own-margins\"><!--{content}--><!--{\/content}--><\/span><!--[\/icon]-->\n\t\n\t\t    <!--[text]-->\n        <style>\n.additional-class-1525143885{overflow:hidden;margin-bottom:0px;}<\/style>        <h3 class=\" additional-class-1525143885  bd-content-element\">\n            <!--{content}-->\n                Reklama na pojazdach            <!--{\/content}-->\n        <\/h3>\n    <!--[\/text]-->\n\n\t\n\t\t    <!--[text]-->\n        <style>\n.additional-class-1669210377{overflow:hidden;}<\/style>        <p class=\" additional-class-1669210377  bd-content-element\">\n            <!--{content}-->\n                Oklejamy osob\u00f3wki, busy, autobusy, ci\u0119\u017car\u00f3wki..<br>Oklejamy r\u00f3wnie\u017c auta w ca\u0142o\u015bci            <!--{\/content}-->\n        <\/p>\n    <!--[\/text]-->\n<!--{\/content}--><\/div><\/div><!--[\/layoutbox]-->\n\t\n\t\t<!--[layoutbox]--><style>\n.additional-class-1177440844{margin-top:1em;}<\/style><div class=\"clearfix  additional-class-1177440844  bd-no-margins\"><div class=\"bd-container-inner\"><!--{content}--><!--[icon]--><style>\n.additional-class-1331701787{float:right;margin-right:1em;margin-left:1em;}\n@media (max-width: 1199px) {.additional-class-1331701787{margin-right:0em;}}\n@media (max-width: 991px) {.additional-class-1331701787{margin-right:1em;}}\n@media (max-width: 767px) {.additional-class-1331701787{float:left;margin-left:0em;}}<\/style><style>.additional-class-1331701787 {\n                    text-decoration: inherit;\n\t                display: inline-block;\n\t                speak: none;\n\t            }\n\n                .additional-class-1331701787:before {\n                    font-family: 'Billion Web Font';\n\t                font-style: normal;\n\t                font-weight: normal;\n\t                text-decoration: inherit;\n\t                text-align: center;\n\t                text-transform: none;\n\t                width: 1em;\n                }.additional-class-1331701787:before { content: '\\291'; }.additional-class-1331701787:before {width: auto; visibility: inherit;}.additional-class-1331701787:before{display: inline-block;}<\/style><style>\n.additional-class-1331701787:before{color:#ffffff;font-size:25px;background-color:#7bae23;-webkit-transition:all 300ms ease;transition:all 300ms ease;line-height:35.71428573px;padding:25px;border-radius:50%;line-height:35.71428573px;}<\/style><style>.additional-class-1331701787:before{line-height: 25px;}<\/style><style>.additional-class-1331701787:before {\n        vertical-align: middle;\n        text-decoration: none;\n    }<\/style><style>.additional-class-1331701787:hover {\n                    text-decoration: inherit;\n\t                display: inline-block;\n\t                speak: none;\n\t            }\n\n                .additional-class-1331701787:hover:before {\n                    font-family: 'Billion Web Font';\n\t                font-style: normal;\n\t                font-weight: normal;\n\t                text-decoration: inherit;\n\t                text-align: center;\n\t                text-transform: none;\n\t                width: 1em;\n                }.additional-class-1331701787:hover:before {width: auto; visibility: inherit;}.additional-class-1331701787:hover:before{display: inline-block;}<\/style><style>\n.additional-class-1331701787:hover:before{background-color:#cde326;}<\/style><style>.additional-class-1331701787:hover:before {\n        vertical-align: middle;\n        text-decoration: none;\n    }<\/style><span class=\"bd-icon  additional-class-1331701787  bd-no-margins bd-own-margins\"><!--{content}--><!--{\/content}--><\/span><!--[\/icon]-->\n\t\n\t\t    <!--[text]-->\n        <style>\n.additional-class-299807162{overflow:hidden;margin-bottom:0px;}<\/style>        <h3 class=\" additional-class-299807162  bd-content-element\">\n            <!--{content}-->\n                Druk offsetowy\/cyfrowy            <!--{\/content}-->\n        <\/h3>\n    <!--[\/text]-->\n\n\t\n\t\t    <!--[text]-->\n        <style>\n.additional-class-1549258411{overflow:hidden;}<\/style>        <p class=\" additional-class-1549258411  bd-content-element\">\n            <!--{content}-->\n                Drukujemy wizyt\u00f3wki, ulotki, teczki, plakaty.            <!--{\/content}-->\n        <\/p>\n    <!--[\/text]-->\n<!--{\/content}--><\/div><\/div><!--[\/layoutbox]-->                    <!--{\/content}-->\n                <\/div>\n            <\/div>\n        <\/div>\n    <!--[\/column]-->\n\n\t\n\t\t    <!--[column]-->\n        <div class=\"col-sm-6 col-xs-12 bd-columnwrapper-1609390889\">\n            <div class=\"bd-column  bd-layoutcolumn-1609390889 \">\n                <div class=\"bd-vertical-align-wrapper\">\n                    <!--{content}-->\n                        <!--[layoutbox]--><style>\n.additional-class-1501175568{margin-bottom:0.08em;}<\/style><div class=\"clearfix  additional-class-1501175568  bd-no-margins\"><div class=\"bd-container-inner\"><!--{content}--><!--[icon]--><style>\n.additional-class-1952706561{float:left;margin-right:1em;margin-left:1em;}\n@media (max-width: 991px) {.additional-class-1952706561{float:left;margin-left:0em;margin-right:1em;}}<\/style><style>.additional-class-1952706561 {\n                    text-decoration: inherit;\n\t                display: inline-block;\n\t                speak: none;\n\t            }\n\n                .additional-class-1952706561:before {\n                    font-family: 'Billion Web Font';\n\t                font-style: normal;\n\t                font-weight: normal;\n\t                text-decoration: inherit;\n\t                text-align: center;\n\t                text-transform: none;\n\t                width: 1em;\n                }.additional-class-1952706561:before { content: '\\139'; }.additional-class-1952706561:before {width: auto; visibility: inherit;}.additional-class-1952706561:before{display: inline-block;}<\/style><style>\n.additional-class-1952706561:before{color:#ffffff;font-size:25px;background-color:#7bae23;-webkit-transition:all 300ms ease;transition:all 300ms ease;line-height:35.71428573px;padding:25px;border-radius:50%;line-height:35.71428573px;}<\/style><style>.additional-class-1952706561:before{line-height: 25px;}<\/style><style>.additional-class-1952706561:before {\n        vertical-align: middle;\n        text-decoration: none;\n    }<\/style><style>.additional-class-1952706561:hover {\n                    text-decoration: inherit;\n\t                display: inline-block;\n\t                speak: none;\n\t            }\n\n                .additional-class-1952706561:hover:before {\n                    font-family: 'Billion Web Font';\n\t                font-style: normal;\n\t                font-weight: normal;\n\t                text-decoration: inherit;\n\t                text-align: center;\n\t                text-transform: none;\n\t                width: 1em;\n                }.additional-class-1952706561:hover:before {width: auto; visibility: inherit;}.additional-class-1952706561:hover:before{display: inline-block;}<\/style><style>\n.additional-class-1952706561:hover:before{background-color:#cde326;}<\/style><style>.additional-class-1952706561:hover:before {\n        vertical-align: middle;\n        text-decoration: none;\n    }<\/style><span class=\"bd-icon  additional-class-1952706561  bd-no-margins bd-own-margins\"><!--{content}--><!--{\/content}--><\/span><!--[\/icon]-->\n\t\n\t\t    <!--[text]-->\n        <style>\n.additional-class-200385120{overflow:hidden;margin-bottom:0px;}<\/style>        <h3 class=\" additional-class-200385120  bd-content-element\">\n            <!--{content}-->\n                Reklama \u015bwietlna<br>            <!--{\/content}-->\n        <\/h3>\n    <!--[\/text]-->\n\n\t\n\t\t    <!--[text]-->\n        <style>\n.additional-class-1749340556{overflow:hidden;}<\/style>        <p class=\" additional-class-1749340556  bd-content-element\">\n            <!--{content}-->\n                Produkujemy kasetony reklamowe&nbsp;<br>oraz litery \u015bwietlne            <!--{\/content}-->\n        <\/p>\n    <!--[\/text]-->\n<!--{\/content}--><\/div><\/div><!--[\/layoutbox]-->\n\t\n\t\t<!--[layoutbox]--><style>\n.additional-class-412514534{margin-top:1.2em;margin-bottom:0.05em;}<\/style><div class=\"clearfix  additional-class-412514534  bd-no-margins\"><div class=\"bd-container-inner\"><!--{content}--><!--[icon]--><style>\n.additional-class-1726608011{float:left;margin-right:1em;margin-left:1em;}\n@media (max-width: 991px) {.additional-class-1726608011{float:left;margin-left:0em;margin-right:1em;}}<\/style><style>.additional-class-1726608011 {\n                    text-decoration: inherit;\n\t                display: inline-block;\n\t                speak: none;\n\t            }\n\n                .additional-class-1726608011:before {\n                    font-family: 'Billion Web Font';\n\t                font-style: normal;\n\t                font-weight: normal;\n\t                text-decoration: inherit;\n\t                text-align: center;\n\t                text-transform: none;\n\t                width: 1em;\n                }.additional-class-1726608011:before { content: '\\ff'; }.additional-class-1726608011:before {width: auto; visibility: inherit;}.additional-class-1726608011:before{display: inline-block;}<\/style><style>\n.additional-class-1726608011:before{color:#ffffff;font-size:25px;background-color:#7bae23;-webkit-transition:all 300ms ease;transition:all 300ms ease;line-height:35.71428573px;padding:25px;border-radius:50%;line-height:35.71428573px;}<\/style><style>.additional-class-1726608011:before{line-height: 25px;}<\/style><style>.additional-class-1726608011:before {\n        vertical-align: middle;\n        text-decoration: none;\n    }<\/style><style>.additional-class-1726608011:hover {\n                    text-decoration: inherit;\n\t                display: inline-block;\n\t                speak: none;\n\t            }\n\n                .additional-class-1726608011:hover:before {\n                    font-family: 'Billion Web Font';\n\t                font-style: normal;\n\t                font-weight: normal;\n\t                text-decoration: inherit;\n\t                text-align: center;\n\t                text-transform: none;\n\t                width: 1em;\n                }.additional-class-1726608011:hover:before {width: auto; visibility: inherit;}.additional-class-1726608011:hover:before{display: inline-block;}<\/style><style>\n.additional-class-1726608011:hover:before{background-color:#cde326;}<\/style><style>.additional-class-1726608011:hover:before {\n        vertical-align: middle;\n        text-decoration: none;\n    }<\/style><span class=\"bd-icon  additional-class-1726608011  bd-no-margins bd-own-margins\"><!--{content}--><!--{\/content}--><\/span><!--[\/icon]-->\n\t\n\t\t    <!--[text]-->\n        <style>\n.additional-class-661341335{overflow:hidden;margin-bottom:0px;}<\/style>        <h3 class=\" additional-class-661341335  bd-content-element\">\n            <!--{content}-->\n                Oklejanie witryn            <!--{\/content}-->\n        <\/h3>\n    <!--[\/text]-->\n\n\t\n\t\t    <!--[text]-->\n        <style>\n.additional-class-2111342564{overflow:hidden;}<\/style>        <p class=\" additional-class-2111342564  bd-content-element\">\n            <!--{content}-->\n                Stosujemy praktycznie wszystkie dost\u0119pne folie. Od folii z wydrukiem po lustro weneckie            <!--{\/content}-->\n        <\/p>\n    <!--[\/text]-->\n<!--{\/content}--><\/div><\/div><!--[\/layoutbox]-->\n\t\n\t\t<!--[layoutbox]--><style>\n.additional-class-1935334426{margin-top:0.73em;}<\/style><div class=\"clearfix  additional-class-1935334426  bd-no-margins\"><div class=\"bd-container-inner\"><!--{content}--><!--[icon]--><style>\n.additional-class-579618542{float:left;margin-right:1em;margin-left:1em;}\n@media (max-width: 991px) {.additional-class-579618542{float:left;margin-left:0em;margin-right:1em;}}<\/style><style>.additional-class-579618542 {\n                    text-decoration: inherit;\n\t                display: inline-block;\n\t                speak: none;\n\t            }\n\n                .additional-class-579618542:before {\n                    font-family: 'Billion Web Font';\n\t                font-style: normal;\n\t                font-weight: normal;\n\t                text-decoration: inherit;\n\t                text-align: center;\n\t                text-transform: none;\n\t                width: 1em;\n                }.additional-class-579618542:before { content: '\\142'; }.additional-class-579618542:before {width: auto; visibility: inherit;}.additional-class-579618542:before{display: inline-block;}<\/style><style>\n.additional-class-579618542:before{color:#ffffff;font-size:25px;background-color:#7bae23;-webkit-transition:all 300ms ease;transition:all 300ms ease;line-height:35.71428573px;padding:25px;border-radius:50%;line-height:35.71428573px;}<\/style><style>.additional-class-579618542:before{line-height: 25px;}<\/style><style>.additional-class-579618542:before {\n        vertical-align: middle;\n        text-decoration: none;\n    }<\/style><style>.additional-class-579618542:hover {\n                    text-decoration: inherit;\n\t                display: inline-block;\n\t                speak: none;\n\t            }\n\n                .additional-class-579618542:hover:before {\n                    font-family: 'Billion Web Font';\n\t                font-style: normal;\n\t                font-weight: normal;\n\t                text-decoration: inherit;\n\t                text-align: center;\n\t                text-transform: none;\n\t                width: 1em;\n                }.additional-class-579618542:hover:before {width: auto; visibility: inherit;}.additional-class-579618542:hover:before{display: inline-block;}<\/style><style>\n.additional-class-579618542:hover:before{background-color:#cde326;}<\/style><style>.additional-class-579618542:hover:before {\n        vertical-align: middle;\n        text-decoration: none;\n    }<\/style><span class=\"bd-icon  additional-class-579618542  bd-no-margins bd-own-margins\"><!--{content}--><!--{\/content}--><\/span><!--[\/icon]-->\n\t\n\t\t    <!--[text]-->\n        <style>\n.additional-class-1375340833{overflow:hidden;margin-bottom:0px;}<\/style>        <h3 class=\" additional-class-1375340833  bd-content-element\">\n            <!--{content}-->\n                Odzie\u017c z logo            <!--{\/content}-->\n        <\/h3>\n    <!--[\/text]-->\n\n\t\n\t\t    <!--[text]-->\n        <style>\n.additional-class-858008869{overflow:hidden;}<\/style>        <p class=\" additional-class-858008869  bd-content-element\">\n            <!--{content}-->\n                Na odzie\u017cy wykonujemy: haft komputerowy<br>termotransfer, sublimacja            <!--{\/content}-->\n        <\/p>\n    <!--[\/text]-->\n<!--{\/content}--><\/div><\/div><!--[\/layoutbox]-->                    <!--{\/content}-->\n                <\/div>\n            <\/div>\n        <\/div>\n    <!--[\/column]-->\n                        <!--{\/content}-->\n                    <\/div>\n                <\/div>\n            <\/div>\n        <\/div>\n    <!--[\/columns]-->\n<!--{\/content}--><!--[\/fluid_1]-->\t\t\t\t<!--{\/content}-->\n\t\t\t<\/div>\n\t\t<\/section>\n\t<!--[\/section]-->\n<!--{\/content}--><!--[\/fluid]-->\n","protected":false},"excerpt":{"rendered":"","protected":false},"author":1,"featured_media":0,"parent":0,"menu_order":0,"comment_status":"closed","ping_status":"closed","template":"","meta":[],"_links":{"self":[{"href":"https:\/\/limedio.pl\/index.php?rest_route=\/wp\/v2\/pages\/144"}],"collection":[{"href":"https:\/\/limedio.pl\/index.php?rest_route=\/wp\/v2\/pages"}],"about":[{"href":"https:\/\/limedio.pl\/index.php?rest_route=\/wp\/v2\/types\/page"}],"author":[{"embeddable":true,"href":"https:\/\/limedio.pl\/index.php?rest_route=\/wp\/v2\/users\/1"}],"replies":[{"embeddable":true,"href":"https:\/\/limedio.pl\/index.php?rest_route=%2Fwp%2Fv2%2Fcomments&post=144"}],"version-history":[{"count":4,"href":"https:\/\/limedio.pl\/index.php?rest_route=\/wp\/v2\/pages\/144\/revisions"}],"predecessor-version":[{"id":371,"href":"https:\/\/limedio.pl\/index.php?rest_route=\/wp\/v2\/pages\/144\/revisions\/371"}],"wp:attachment":[{"href":"https:\/\/limedio.pl\/index.php?rest_route=%2Fwp%2Fv2%2Fmedia&parent=144"}],"curies":[{"name":"wp","href":"https:\/\/api.w.org\/{rel}","templated":true}]}}