{"id":84,"date":"2019-09-26T11:27:08","date_gmt":"2019-09-26T09:27:08","guid":{"rendered":"http:\/\/limedio.pl\/?page_id=84"},"modified":"2019-10-03T14:48:37","modified_gmt":"2019-10-03T12:48:37","slug":"about-2","status":"publish","type":"page","link":"https:\/\/limedio.pl\/?page_id=84","title":{"rendered":"O firmie"},"content":{"rendered":"<!--[fluid]--><!--{content}-->    <!--[section]-->\n\t\t<style>\n@media (max-width: 767px) {.bd-section-1884020761{padding-top:2em;}}\n.bd-section-1884020761{\n\tline-height:  32px;\n\tcolor:  #777777;\n\tfont-size:  16px;\n}\n<\/style>\t\t<section id=section7 class=\" bd-section-1884020761 bd-page-width  bd-tagstyles\" data-section-title=\"Container Plus Image Below\">\n\t\t\t<div class=\"bd-container-inner bd-margins clearfix\">\n\t\t\t\t<!--{content}-->\n\t\t\t\t\t<!--[background_width]--><!--{content}--><!--[layoutbox]--><div class=\"clearfix  additional-class-2077290072 bd-background-width  bd-no-margins\"><div class=\"bd-container-inner\"><!--{content}-->    <!--[text]-->\n                <p class=\" additional-class-614440050  bd-content-element\">\n            <!--{content}-->\n                Firma Limedio powsta\u0142a w 2010 roku. Jeste\u015bmy dynamicznie rozwijaj\u0105c\u0105 si\u0119 firm\u0105 dzia\u0142aj\u0105c\u0105 g\u0142\u00f3wnie na terenie wojew\u00f3dztwa kujawsko-pomorskiego. Nasz zesp\u00f3\u0142 tworz\u0105 ludzie z do\u015bwiadczeniem i odpowiednim wykszta\u0142ceniem.\n<br>\n<br>Naszym g\u0142\u00f3wnym celem jest kompleksowa obs\u0142uga pod wzgl\u0119dem reklamowym. \u015awiadczymy nasze us\u0142ugi na bardzo wysokim poziomie w zakresie: od doradztwa po wykonanie, monta\u017c i konserwacj\u0119.\n<br>\n<br>Pragniemy zdoby\u0107 Pa\u0144stwa zaufanie poprzez nasz\u0105 wiedz\u0119, wyczucie smaku, terminowo\u015b\u0107 oraz indywidualne podej\u015bcie do ka\u017cdego klienta.\n<br>\n<br>Przyjedziemy i pomo\u017cemy w wizualnym wyeksponowaniu Pa\u0144stwa firmy poprzez dob\u00f3r odpowiednich technologii i materia\u0142\u00f3w. \n<br>\n<br>z powa\u017caniem&nbsp; &nbsp; &nbsp;<br>mgr in\u017c. Piotr Kowalski&nbsp; &nbsp;<br><br><br><br><br>            <!--{\/content}-->\n        <\/p>\n    <!--[\/text]-->\n<!--{\/content}--><\/div><\/div><!--[\/layoutbox]--><!--{\/content}--><!--[\/background_width]-->\t\t\t\t<!--{\/content}-->\n\t\t\t<\/div>\n\t\t<\/section>\n\t<!--[\/section]-->\n<!--{\/content}--><!--[\/fluid]-->\n","protected":false},"excerpt":{"rendered":"","protected":false},"author":1,"featured_media":0,"parent":0,"menu_order":5,"comment_status":"closed","ping_status":"closed","template":"","meta":[],"_links":{"self":[{"href":"https:\/\/limedio.pl\/index.php?rest_route=\/wp\/v2\/pages\/84"}],"collection":[{"href":"https:\/\/limedio.pl\/index.php?rest_route=\/wp\/v2\/pages"}],"about":[{"href":"https:\/\/limedio.pl\/index.php?rest_route=\/wp\/v2\/types\/page"}],"author":[{"embeddable":true,"href":"https:\/\/limedio.pl\/index.php?rest_route=\/wp\/v2\/users\/1"}],"replies":[{"embeddable":true,"href":"https:\/\/limedio.pl\/index.php?rest_route=%2Fwp%2Fv2%2Fcomments&post=84"}],"version-history":[{"count":4,"href":"https:\/\/limedio.pl\/index.php?rest_route=\/wp\/v2\/pages\/84\/revisions"}],"predecessor-version":[{"id":162,"href":"https:\/\/limedio.pl\/index.php?rest_route=\/wp\/v2\/pages\/84\/revisions\/162"}],"wp:attachment":[{"href":"https:\/\/limedio.pl\/index.php?rest_route=%2Fwp%2Fv2%2Fmedia&parent=84"}],"curies":[{"name":"wp","href":"https:\/\/api.w.org\/{rel}","templated":true}]}}